{"id":91,"date":"2025-08-25T23:28:20","date_gmt":"2025-08-25T21:28:20","guid":{"rendered":"https:\/\/davidreger.com\/imprint\/"},"modified":"2025-11-20T18:30:55","modified_gmt":"2025-11-20T17:30:55","slug":"imprint","status":"publish","type":"page","link":"https:\/\/davidreger.com\/en\/imprint\/","title":{"rendered":"Imprint"},"content":{"rendered":"\n<div class=\"wp-block-group has-global-padding is-layout-constrained wp-container-core-group-is-layout-811f0847 wp-block-group-is-layout-constrained\" style=\"padding-top:var(--wp--preset--spacing--section-space);padding-right:var(--wp--preset--spacing--normal);padding-bottom:var(--wp--preset--spacing--section-space);padding-left:var(--wp--preset--spacing--normal)\">\n<h1 class=\"wp-block-heading\">Imprint<\/h1>\n\n\n\n<h2 class=\"wp-block-heading has-h-3-font-size\">Information according to \u00a7 5 TMG:<\/h2>\n\n\n\n<p class=\"wp-block-paragraph\">David Reger<br\/>Gutenbergstrasse 44<br\/>72555 Metzingen<br\/>Germany<\/p>\n\n\n\n<h3 class=\"wp-block-heading has-h-3-font-size\"><strong>Contact:<\/strong><\/h3>\n\n\n\n<p class=\"wp-block-paragraph\">E-mail: <a href=\"mailto:contact@davidreger.com\">contact@davidreger.com<\/a><\/p>\n\n\n\n<p class=\"wp-block-paragraph\">Sales tax identification number according to \u00a7 27 a Umsatzsteuergesetz: DE323537749<\/p>\n\n\n\n<h3 class=\"wp-block-heading has-h-3-font-size\"><strong>Disclaimer<\/strong><\/h3>\n\n\n\n<h3 class=\"wp-block-heading has-h-3-font-size\">liability for contents<\/h3>\n\n\n\n<p class=\"wp-block-paragraph\">All contents of this website have been created with the utmost care and to the best of our knowledge. However, we cannot guarantee the accuracy, completeness and timeliness of the content. As a service provider, we are responsible for our own content on these pages in accordance with \u00a7 7 paragraph 1 TMG under the general laws. According to \u00a7\u00a7 8 to 10 TMG, however, we are not obligated as a service provider to monitor transmitted or stored third-party information or to investigate circumstances that indicate illegal activity. Obligations to remove or block the use of information under the general laws remain unaffected.\nF\u00fcr die Richtigkeit, Vollst\u00e4ndigkeit und Aktualit\u00e4t der Inhalte k\u00f6nnen wir jedoch keine Gew\u00e4hr \u00fcbernehmen.\nAls Diensteanbieter sind wir gem\u00e4\u00df \u00a7 7 Abs.1\nTMG f\u00fcr eigene Inhalte auf diesen Seiten nach den allgemeinen Gesetzen verantwortlich.\nNach \u00a7\u00a7 8 bis 10 TMG sind wir als Diensteanbieter jedoch nicht verpflichtet, \u00fcbermittelte oder gespeicherte fremde Informationen zu \u00fcberwachen oder nach Umst\u00e4nden zu forschen, die auf eine rechtswidrige T\u00e4tigkeit hinweisen.\nVerpflichtungen zur Entfernung oder Sperrung der Nutzung von Informationen nach den allgemeinen Gesetzen bleiben hiervon unber\u00fchrt.     <\/p>\n\n\n\n<p class=\"wp-block-paragraph\">However, liability in this regard is only possible from the point in time at which a concrete infringement of the law becomes known. If we become aware of the above-mentioned infringements, we will remove this content immediately. <\/p>\n\n\n\n<p class=\"wp-block-paragraph\"><strong>Limitation of liability for external links<\/strong><\/p>\n\n\n\n<p class=\"wp-block-paragraph\">Our website contains links to external websites of third parties. We have no influence on the content of these directly or indirectly linked websites. Therefore, we cannot guarantee the correctness of the contents of the \u201cexternal links\u201d.   The respective providers or operators (authors) of the sites are responsible for the contents of the external links.<\/p>\n\n\n\n<p class=\"wp-block-paragraph\">The external links were checked for possible legal violations at the time of linking and were free of illegal content at the time of linking. A constant review of the contents of the external links is not possible without concrete evidence of a violation of the law. In the case of direct or indirect links to the websites of third parties that lie outside our area of responsibility, a liability obligation would only exist in the case where we become aware of the content and it would be technically possible and reasonable for us to prevent use in the case of illegal content.  This disclaimer also applies to links and references within our own website \u201cdavidreger.com\u201d from questioners, bloggers, guests of the discussion forum. For illegal, incorrect or incomplete contents and in particular for damage, which develops from the use or disuse of such presented information, alone the service provider of the side, to which one referred, is responsible in particular that, which refers over left to the respective publication only. If we become aware of any legal violations, we will remove the external links immediately.   <\/p>\n\n\n\n<h3 class=\"wp-block-heading has-h-3-font-size\"><strong>Copyright<\/strong><\/h3>\n\n\n\n<p class=\"wp-block-paragraph\">The contents and works published on our website are subject to German copyright law (http:\/\/www.gesetze-im-internet.de\/bundesrecht\/urhg\/gesamt.pdf). The reproduction, processing, distribution and any kind of exploitation of intellectual property in ideal and material view of the author outside the limits of copyright require the prior written consent of the respective author in the sense of copyright law. (http:\/\/www.gesetze-im-internet.de\/bundesrecht\/urhg\/gesamt.pdf ) Downloads and copies of this site are only permitted for private and non-commercial use. If the content on our website was not created by us, the copyrights of third parties must be observed. The contents of third parties are marked as such. Should you nevertheless become aware of a copyright infringement, please inform us accordingly. If we become aware of any infringements, we will remove such content immediately.<\/p>\n<\/div>\n","protected":false},"excerpt":{"rendered":"<p>Imprint Information according to \u00a7 5 TMG: David RegerGutenbergstrasse 4472555 MetzingenGermany Contact: E-mail: contact@davidreger.com Sales tax identification number according to \u00a7 27 a Umsatzsteuergesetz: DE323537749 Disclaimer liability for contents All contents of this website have been created with the utmost care and to the best of our knowledge. However, we cannot guarantee the accuracy, completeness [&hellip;]<\/p>\n","protected":false},"author":1,"featured_media":108,"parent":0,"menu_order":0,"comment_status":"closed","ping_status":"closed","template":"","meta":{"_acf_changed":false,"_crdt_document":"","footnotes":""},"class_list":["post-91","page","type-page","status-publish","has-post-thumbnail","hentry"],"acf":[],"yoast_head":"<!-- This site is optimized with the Yoast SEO plugin v26.9 - https:\/\/yoast.com\/product\/yoast-seo-wordpress\/ -->\n<title>Imprint - David Reger<\/title>\n<meta name=\"robots\" content=\"index, follow, max-snippet:-1, max-image-preview:large, max-video-preview:-1\" \/>\n<link rel=\"canonical\" href=\"https:\/\/davidreger.com\/en\/imprint\/\" \/>\n<meta property=\"og:locale\" content=\"en_US\" \/>\n<meta property=\"og:type\" content=\"article\" \/>\n<meta property=\"og:title\" content=\"Imprint - David Reger\" \/>\n<meta property=\"og:description\" content=\"Imprint Information according to \u00a7 5 TMG: David RegerGutenbergstrasse 4472555 MetzingenGermany Contact: E-mail: contact@davidreger.com Sales tax identification number according to \u00a7 27 a Umsatzsteuergesetz: DE323537749 Disclaimer liability for contents All contents of this website have been created with the utmost care and to the best of our knowledge. However, we cannot guarantee the accuracy, completeness [&hellip;]\" \/>\n<meta property=\"og:url\" content=\"https:\/\/davidreger.com\/en\/imprint\/\" \/>\n<meta property=\"og:site_name\" content=\"David Reger\" \/>\n<meta property=\"article:modified_time\" content=\"2025-11-20T17:30:55+00:00\" \/>\n<meta property=\"og:image\" content=\"https:\/\/davidreger.com\/app\/uploads\/vision-time-1.jpg\" \/>\n\t<meta property=\"og:image:width\" content=\"1456\" \/>\n\t<meta property=\"og:image:height\" content=\"816\" \/>\n\t<meta property=\"og:image:type\" content=\"image\/jpeg\" \/>\n<meta name=\"twitter:card\" content=\"summary_large_image\" \/>\n<meta name=\"twitter:label1\" content=\"Est. reading time\" \/>\n\t<meta name=\"twitter:data1\" content=\"3 minutes\" \/>\n<script type=\"application\/ld+json\" class=\"yoast-schema-graph\">{\"@context\":\"https:\/\/schema.org\",\"@graph\":[{\"@type\":\"WebPage\",\"@id\":\"https:\/\/davidreger.com\/en\/imprint\/\",\"url\":\"https:\/\/davidreger.com\/en\/imprint\/\",\"name\":\"Imprint - David Reger\",\"isPartOf\":{\"@id\":\"https:\/\/davidreger.com\/en\/#website\"},\"primaryImageOfPage\":{\"@id\":\"https:\/\/davidreger.com\/en\/imprint\/#primaryimage\"},\"image\":{\"@id\":\"https:\/\/davidreger.com\/en\/imprint\/#primaryimage\"},\"thumbnailUrl\":\"https:\/\/davidreger.com\/app\/uploads\/vision-time-1.jpg\",\"datePublished\":\"2025-08-25T21:28:20+00:00\",\"dateModified\":\"2025-11-20T17:30:55+00:00\",\"breadcrumb\":{\"@id\":\"https:\/\/davidreger.com\/en\/imprint\/#breadcrumb\"},\"inLanguage\":\"en-US\",\"potentialAction\":[{\"@type\":\"ReadAction\",\"target\":[\"https:\/\/davidreger.com\/en\/imprint\/\"]}]},{\"@type\":\"ImageObject\",\"inLanguage\":\"en-US\",\"@id\":\"https:\/\/davidreger.com\/en\/imprint\/#primaryimage\",\"url\":\"https:\/\/davidreger.com\/app\/uploads\/vision-time-1.jpg\",\"contentUrl\":\"https:\/\/davidreger.com\/app\/uploads\/vision-time-1.jpg\",\"width\":1456,\"height\":816,\"caption\":\"Ein Mann im Anzug vor einer futuristischen Uhr.\"},{\"@type\":\"BreadcrumbList\",\"@id\":\"https:\/\/davidreger.com\/en\/imprint\/#breadcrumb\",\"itemListElement\":[{\"@type\":\"ListItem\",\"position\":1,\"name\":\"Home\",\"item\":\"https:\/\/davidreger.com\/en\/\"},{\"@type\":\"ListItem\",\"position\":2,\"name\":\"Imprint\"}]},{\"@type\":\"WebSite\",\"@id\":\"https:\/\/davidreger.com\/en\/#website\",\"url\":\"https:\/\/davidreger.com\/en\/\",\"name\":\"David Reger\",\"description\":\"\",\"publisher\":{\"@id\":\"https:\/\/davidreger.com\/en\/#\/schema\/person\/9311d5f6d9720c7375d94207c06b033c\"},\"alternateName\":\"David Reger - KI Entrepreneur und Stratege\",\"potentialAction\":[{\"@type\":\"SearchAction\",\"target\":{\"@type\":\"EntryPoint\",\"urlTemplate\":\"https:\/\/davidreger.com\/en\/?s={search_term_string}\"},\"query-input\":{\"@type\":\"PropertyValueSpecification\",\"valueRequired\":true,\"valueName\":\"search_term_string\"}}],\"inLanguage\":\"en-US\"},{\"@type\":[\"Person\",\"Organization\"],\"@id\":\"https:\/\/davidreger.com\/en\/#\/schema\/person\/9311d5f6d9720c7375d94207c06b033c\",\"name\":\"David Reger\",\"image\":{\"@type\":\"ImageObject\",\"inLanguage\":\"en-US\",\"@id\":\"https:\/\/davidreger.com\/en\/#\/schema\/person\/image\/\",\"url\":\"https:\/\/davidreger.com\/app\/uploads\/logo.png.webp\",\"contentUrl\":\"https:\/\/davidreger.com\/app\/uploads\/logo.png.webp\",\"width\":279,\"height\":40,\"caption\":\"David Reger\"},\"logo\":{\"@id\":\"https:\/\/davidreger.com\/en\/#\/schema\/person\/image\/\"}}]}<\/script>\n<!-- \/ Yoast SEO plugin. -->","yoast_head_json":{"title":"Imprint - David Reger","robots":{"index":"index","follow":"follow","max-snippet":"max-snippet:-1","max-image-preview":"max-image-preview:large","max-video-preview":"max-video-preview:-1"},"canonical":"https:\/\/davidreger.com\/en\/imprint\/","og_locale":"en_US","og_type":"article","og_title":"Imprint - David Reger","og_description":"Imprint Information according to \u00a7 5 TMG: David RegerGutenbergstrasse 4472555 MetzingenGermany Contact: E-mail: contact@davidreger.com Sales tax identification number according to \u00a7 27 a Umsatzsteuergesetz: DE323537749 Disclaimer liability for contents All contents of this website have been created with the utmost care and to the best of our knowledge. However, we cannot guarantee the accuracy, completeness [&hellip;]","og_url":"https:\/\/davidreger.com\/en\/imprint\/","og_site_name":"David Reger","article_modified_time":"2025-11-20T17:30:55+00:00","og_image":[{"width":1456,"height":816,"url":"https:\/\/davidreger.com\/app\/uploads\/vision-time-1.jpg","type":"image\/jpeg"}],"twitter_card":"summary_large_image","twitter_misc":{"Est. reading time":"3 minutes"},"schema":{"@context":"https:\/\/schema.org","@graph":[{"@type":"WebPage","@id":"https:\/\/davidreger.com\/en\/imprint\/","url":"https:\/\/davidreger.com\/en\/imprint\/","name":"Imprint - David Reger","isPartOf":{"@id":"https:\/\/davidreger.com\/en\/#website"},"primaryImageOfPage":{"@id":"https:\/\/davidreger.com\/en\/imprint\/#primaryimage"},"image":{"@id":"https:\/\/davidreger.com\/en\/imprint\/#primaryimage"},"thumbnailUrl":"https:\/\/davidreger.com\/app\/uploads\/vision-time-1.jpg","datePublished":"2025-08-25T21:28:20+00:00","dateModified":"2025-11-20T17:30:55+00:00","breadcrumb":{"@id":"https:\/\/davidreger.com\/en\/imprint\/#breadcrumb"},"inLanguage":"en-US","potentialAction":[{"@type":"ReadAction","target":["https:\/\/davidreger.com\/en\/imprint\/"]}]},{"@type":"ImageObject","inLanguage":"en-US","@id":"https:\/\/davidreger.com\/en\/imprint\/#primaryimage","url":"https:\/\/davidreger.com\/app\/uploads\/vision-time-1.jpg","contentUrl":"https:\/\/davidreger.com\/app\/uploads\/vision-time-1.jpg","width":1456,"height":816,"caption":"Ein Mann im Anzug vor einer futuristischen Uhr."},{"@type":"BreadcrumbList","@id":"https:\/\/davidreger.com\/en\/imprint\/#breadcrumb","itemListElement":[{"@type":"ListItem","position":1,"name":"Home","item":"https:\/\/davidreger.com\/en\/"},{"@type":"ListItem","position":2,"name":"Imprint"}]},{"@type":"WebSite","@id":"https:\/\/davidreger.com\/en\/#website","url":"https:\/\/davidreger.com\/en\/","name":"David Reger","description":"","publisher":{"@id":"https:\/\/davidreger.com\/en\/#\/schema\/person\/9311d5f6d9720c7375d94207c06b033c"},"alternateName":"David Reger - KI Entrepreneur und Stratege","potentialAction":[{"@type":"SearchAction","target":{"@type":"EntryPoint","urlTemplate":"https:\/\/davidreger.com\/en\/?s={search_term_string}"},"query-input":{"@type":"PropertyValueSpecification","valueRequired":true,"valueName":"search_term_string"}}],"inLanguage":"en-US"},{"@type":["Person","Organization"],"@id":"https:\/\/davidreger.com\/en\/#\/schema\/person\/9311d5f6d9720c7375d94207c06b033c","name":"David Reger","image":{"@type":"ImageObject","inLanguage":"en-US","@id":"https:\/\/davidreger.com\/en\/#\/schema\/person\/image\/","url":"https:\/\/davidreger.com\/app\/uploads\/logo.png.webp","contentUrl":"https:\/\/davidreger.com\/app\/uploads\/logo.png.webp","width":279,"height":40,"caption":"David Reger"},"logo":{"@id":"https:\/\/davidreger.com\/en\/#\/schema\/person\/image\/"}}]}},"_links":{"self":[{"href":"https:\/\/davidreger.com\/en\/wp-json\/wp\/v2\/pages\/91","targetHints":{"allow":["GET"]}}],"collection":[{"href":"https:\/\/davidreger.com\/en\/wp-json\/wp\/v2\/pages"}],"about":[{"href":"https:\/\/davidreger.com\/en\/wp-json\/wp\/v2\/types\/page"}],"author":[{"embeddable":true,"href":"https:\/\/davidreger.com\/en\/wp-json\/wp\/v2\/users\/1"}],"replies":[{"embeddable":true,"href":"https:\/\/davidreger.com\/en\/wp-json\/wp\/v2\/comments?post=91"}],"version-history":[{"count":5,"href":"https:\/\/davidreger.com\/en\/wp-json\/wp\/v2\/pages\/91\/revisions"}],"predecessor-version":[{"id":7901,"href":"https:\/\/davidreger.com\/en\/wp-json\/wp\/v2\/pages\/91\/revisions\/7901"}],"wp:featuredmedia":[{"embeddable":true,"href":"https:\/\/davidreger.com\/en\/wp-json\/wp\/v2\/media\/108"}],"wp:attachment":[{"href":"https:\/\/davidreger.com\/en\/wp-json\/wp\/v2\/media?parent=91"}],"curies":[{"name":"wp","href":"https:\/\/api.w.org\/{rel}","templated":true}]}}